{"id":6,"date":"2018-05-02T10:05:09","date_gmt":"2018-05-02T08:05:09","guid":{"rendered":"http:\/\/bds.aedesit.com\/mentions-legales\/"},"modified":"2024-05-22T10:31:32","modified_gmt":"2024-05-22T08:31:32","slug":"mentions-legales","status":"publish","type":"page","link":"https:\/\/insurancesolutions.be\/fr\/mentions-legales\/","title":{"rendered":"Mentions l\u00e9gales"},"content":{"rendered":"<h2>Information<\/h2>\n<p>Les informations et outils mis \u00e0 disposition sur ce site ont une valeur purement informative. Nous prenons toutes les mesures raisonnables pour veiller \u00e0 la qualit\u00e9 des informations et outils sur ce site, notamment en les actualisant r\u00e9guli\u00e8rement. Nous d\u00e9clinons cependant toute responsabilit\u00e9 quant \u00e0 l&rsquo;exactitude ou au caract\u00e8re complet des informations et outils mis \u00e0 disposition sur ce site, sur les sites auxquels il r\u00e9f\u00e8re ou sur les sites web qui y r\u00e9f\u00e8rent. En cas de force majeure, l&rsquo;acc\u00e8s \u00e0 ce site peut \u00eatre interrompu. Nous pouvons \u00e9galement interrompre l&rsquo;acc\u00e8s \u00e0 des fins d&rsquo;entretien, d&rsquo;adaptation ou pour toute autre raison. Nous d\u00e9clinons toute responsabilit\u00e9 pour les \u00e9ventuelles interruptions et cons\u00e9quences de celles-ci pour l&rsquo;utilisateur. Si nous sommes avertis d\u2019\u00e9ventuelles erreurs, nous les rectifierons aussi vite que possible.<\/p>\n<h2>Droits d&rsquo;auteur<\/h2>\n<p>Les informations, outils, donn\u00e9es et autres \u00e9l\u00e9ments pr\u00e9sent\u00e9s sur ce site portail sont et restent notre propri\u00e9t\u00e9. La reproduction, diffusion, publication, reprise, etc. partielles ou totales des informations, outils, donn\u00e9es ou autres \u00e9l\u00e9ments de ce site web \u00e0 d&rsquo;autres fins que l&rsquo;utilisation personnelle ou priv\u00e9e sont interdites, sauf si nous en donnons l&rsquo;autorisation \u00e9crite pr\u00e9alable.<\/p>\n<h2>Lettre d\u2019information, contact et respect de la vie priv\u00e9e<\/h2>\n<p>Nous publions une lettre d\u2019information \u00e0 destination des personnes int\u00e9ress\u00e9es par l&rsquo;assurance et la finance, par nos services et par d\u2019autres sujets apparent\u00e9s. Si vous vous abonnez \u00e0 cette lettre d\u2019information, vos coordonn\u00e9es seront ajout\u00e9es, avec votre autorisation explicite, \u00e0 notre liste de destinataires. La liste sera utilis\u00e9e exclusivement pour l&rsquo;envoi de la lettre d&rsquo;information. Chaque lettre d&rsquo;information comporte un lien vous permettant de vous d\u00e9sabonner. Si vous vous d\u00e9sabonnez de ce service, vos coordonn\u00e9es seront supprim\u00e9es de notre liste d\u2019envoi.<\/p>\n<p>Si vous laissez un message sur ce site via le formulaire de contact, vous devez mentionner votre nom et votre adresse e-mail pour que nous puissions r\u00e9pondre \u00e0 votre question. Nous veillons \u00e0 respecter la loi du 8 d\u00e9cembre 1992 relative \u00e0 la protection de la vie priv\u00e9e \u00e0 l&rsquo;\u00e9gard des traitements de donn\u00e9es \u00e0 caract\u00e8re personnel.<\/p>\n<p>Vous pouvez consulter ce site web anonymement. Nous n\u2019enregistrons pas de noms ou d\u2019autres donn\u00e9es r\u00e9v\u00e9lant l\u2019identit\u00e9 des visiteurs de ce site. En revanche, des donn\u00e9es statistiques importantes pour optimiser le site web sont enregistr\u00e9es.<\/p>\n<h2 id=\"cookies\">Usage des cookies sur notre site<\/h2>\n<p>Qu\u2019est-ce qu\u2019un cookie ? La Cnil indique qu\u2019 \u00ab un cookie est un traceur d\u00e9pos\u00e9 et \/ou lus, par exemple, lors de la consultation d\u2019un site internet. \u00bb En application de la directive europ\u00e9enne dite \u00bb paquet t\u00e9l\u00e9com \u00ab , vous devez \u00eatre inform\u00e9s et vous devez donner votre consentement pr\u00e9alablement \u00e0 l\u2019insertion de traceurs. Vous devez disposer d\u2019une possibilit\u00e9 de choisir de ne pas \u00eatre trac\u00e9s lorsque vous visitez un site.<\/p>\n<p>Pour tout savoir sur vos droits, n\u2019h\u00e9sitez pas \u00e0 vous rendre sur la page d\u00e9di\u00e9es de la Cnil <a href=\"http:\/\/www.cnil.fr\/vos-droits\/vos-traces\/\" target=\"_blank\" rel=\"noopener\">http:\/\/www.cnil.fr\/vos-droits\/vos-traces\/<\/a>.<\/p>\n<h3>1. \u00c0 quoi servent les cookies \u00e9mis sur notre site?<\/h3>\n<p>Lors de la consultation de notre site internet, des informations relatives \u00e0 la navigation de votre Terminal, qu\u2019il s\u2019agisse d\u2019un ordinateur ou d\u2019une tablette par exemple, sont susceptibles d\u2019\u00eatre enregistr\u00e9es dans des fichiers \u00ab cookies \u00bb install\u00e9s sur votre Terminal, en fonction de vos choix exprim\u00e9s concernant les cookies et que vous pouvez modifier.<\/p>\n<p>Les cookies que nous \u00e9mettons sur notre site :<\/p>\n<p>[cookie_audit style=\u00a0\u00bbwinter\u00a0\u00bb]<\/p>\n<h3>2. Vos chois concernant les cookies<\/h3>\n<p>Vous pouvez configurer votre logiciel de navigation de mani\u00e8re \u00e0 ce que des cookies soient enregistr\u00e9s dans votre terminal ou, au contraire, qu\u2019ils soient rejet\u00e9s (syst\u00e9matiquement, ponctuellement ou selon leur \u00e9metteur). La configuration de chaque navigateur est diff\u00e9rente. Pour savoir comment proc\u00e9der, rendez-vous dans le menu d\u2019aide de votre navigateur ou dans les param\u00e8tres de ce dernier.<\/p>\n<p>Attention, votre param\u00e9trage peut modifier votre navigation sur Internet et les conditions d\u2019acc\u00e8s \u00e0 certains services n\u00e9cessitant l\u2019utilisation de Cookies.<\/p>\n<p>Les conseils de la Cnil pour ma\u00eetriser les cookies : <a href=\"http:\/\/www.cnil.fr\/vos-droits\/vos-traces\/les-cookies\/conseils-aux-internautes\/\" target=\"_blank\" rel=\"noopener\">http:\/\/www.cnil.fr\/vos-droits\/vos-traces\/les-cookies\/conseils-aux-internautes\/<\/a>.<\/p>\n","protected":false},"excerpt":{"rendered":"<p>Information Les informations et outils mis \u00e0 disposition sur ce site ont une valeur purement informative. Nous prenons toutes les mesures raisonnables pour veiller \u00e0 la qualit\u00e9 des informations et outils sur ce site, notamment en les actualisant r\u00e9guli\u00e8rement. Nous d\u00e9clinons cependant toute responsabilit\u00e9 quant \u00e0 l&rsquo;exactitude ou au caract\u00e8re complet des informations et outils [&hellip;]<\/p>\n","protected":false},"author":2,"featured_media":0,"parent":0,"menu_order":35,"comment_status":"closed","ping_status":"closed","template":"page-mentions-legales.php","meta":{"_acf_changed":false,"footnotes":""},"class_list":["post-6","page","type-page","status-publish","hentry"],"acf":[],"yoast_head":"<!-- This site is optimized with the Yoast SEO plugin v27.6 - https:\/\/yoast.com\/product\/yoast-seo-wordpress\/ -->\n<title>Mentions l\u00e9gales - Insurances Solutions<\/title>\n<meta name=\"robots\" content=\"noindex, follow\" \/>\n<meta property=\"og:locale\" content=\"fr_FR\" \/>\n<meta property=\"og:type\" content=\"article\" \/>\n<meta property=\"og:title\" content=\"Mentions l\u00e9gales - Insurances Solutions\" \/>\n<meta property=\"og:description\" content=\"Information Les informations et outils mis \u00e0 disposition sur ce site ont une valeur purement informative. Nous prenons toutes les mesures raisonnables pour veiller \u00e0 la qualit\u00e9 des informations et outils sur ce site, notamment en les actualisant r\u00e9guli\u00e8rement. Nous d\u00e9clinons cependant toute responsabilit\u00e9 quant \u00e0 l&rsquo;exactitude ou au caract\u00e8re complet des informations et outils [&hellip;]\" \/>\n<meta property=\"og:url\" content=\"https:\/\/insurancesolutions.be\/juridische-informatie\/\" \/>\n<meta property=\"og:site_name\" content=\"Insurances Solutions\" \/>\n<meta property=\"article:modified_time\" content=\"2024-05-22T08:31:32+00:00\" \/>\n<meta name=\"twitter:card\" content=\"summary_large_image\" \/>\n<meta name=\"twitter:label1\" content=\"Dur\u00e9e de lecture estim\u00e9e\" \/>\n\t<meta name=\"twitter:data1\" content=\"4 minutes\" \/>\n<script type=\"application\/ld+json\" class=\"yoast-schema-graph\">{\"@context\":\"https:\\\/\\\/schema.org\",\"@graph\":[{\"@type\":\"WebPage\",\"@id\":\"https:\\\/\\\/insurancesolutions.be\\\/juridische-informatie\\\/\",\"url\":\"https:\\\/\\\/insurancesolutions.be\\\/juridische-informatie\\\/\",\"name\":\"Mentions l\u00e9gales - Insurances Solutions\",\"isPartOf\":{\"@id\":\"https:\\\/\\\/insurancesolutions.be\\\/#website\"},\"datePublished\":\"2018-05-02T08:05:09+00:00\",\"dateModified\":\"2024-05-22T08:31:32+00:00\",\"breadcrumb\":{\"@id\":\"https:\\\/\\\/insurancesolutions.be\\\/juridische-informatie\\\/#breadcrumb\"},\"inLanguage\":\"fr-FR\",\"potentialAction\":[{\"@type\":\"ReadAction\",\"target\":[\"https:\\\/\\\/insurancesolutions.be\\\/juridische-informatie\\\/\"]}]},{\"@type\":\"BreadcrumbList\",\"@id\":\"https:\\\/\\\/insurancesolutions.be\\\/juridische-informatie\\\/#breadcrumb\",\"itemListElement\":[{\"@type\":\"ListItem\",\"position\":1,\"name\":\"Accueil\",\"item\":\"https:\\\/\\\/insurancesolutions.be\\\/fr\\\/\"},{\"@type\":\"ListItem\",\"position\":2,\"name\":\"Mentions l\u00e9gales\"}]},{\"@type\":\"WebSite\",\"@id\":\"https:\\\/\\\/insurancesolutions.be\\\/#website\",\"url\":\"https:\\\/\\\/insurancesolutions.be\\\/\",\"name\":\"Insurances Solutions\",\"description\":\"Courtier en assurances - Belgique\",\"potentialAction\":[{\"@type\":\"SearchAction\",\"target\":{\"@type\":\"EntryPoint\",\"urlTemplate\":\"https:\\\/\\\/insurancesolutions.be\\\/?s={search_term_string}\"},\"query-input\":{\"@type\":\"PropertyValueSpecification\",\"valueRequired\":true,\"valueName\":\"search_term_string\"}}],\"inLanguage\":\"fr-FR\"}]}<\/script>\n<!-- \/ Yoast SEO plugin. -->","yoast_head_json":{"title":"Mentions l\u00e9gales - Insurances Solutions","robots":{"index":"noindex","follow":"follow"},"og_locale":"fr_FR","og_type":"article","og_title":"Mentions l\u00e9gales - Insurances Solutions","og_description":"Information Les informations et outils mis \u00e0 disposition sur ce site ont une valeur purement informative. Nous prenons toutes les mesures raisonnables pour veiller \u00e0 la qualit\u00e9 des informations et outils sur ce site, notamment en les actualisant r\u00e9guli\u00e8rement. Nous d\u00e9clinons cependant toute responsabilit\u00e9 quant \u00e0 l&rsquo;exactitude ou au caract\u00e8re complet des informations et outils [&hellip;]","og_url":"https:\/\/insurancesolutions.be\/juridische-informatie\/","og_site_name":"Insurances Solutions","article_modified_time":"2024-05-22T08:31:32+00:00","twitter_card":"summary_large_image","twitter_misc":{"Dur\u00e9e de lecture estim\u00e9e":"4 minutes"},"schema":{"@context":"https:\/\/schema.org","@graph":[{"@type":"WebPage","@id":"https:\/\/insurancesolutions.be\/juridische-informatie\/","url":"https:\/\/insurancesolutions.be\/juridische-informatie\/","name":"Mentions l\u00e9gales - Insurances Solutions","isPartOf":{"@id":"https:\/\/insurancesolutions.be\/#website"},"datePublished":"2018-05-02T08:05:09+00:00","dateModified":"2024-05-22T08:31:32+00:00","breadcrumb":{"@id":"https:\/\/insurancesolutions.be\/juridische-informatie\/#breadcrumb"},"inLanguage":"fr-FR","potentialAction":[{"@type":"ReadAction","target":["https:\/\/insurancesolutions.be\/juridische-informatie\/"]}]},{"@type":"BreadcrumbList","@id":"https:\/\/insurancesolutions.be\/juridische-informatie\/#breadcrumb","itemListElement":[{"@type":"ListItem","position":1,"name":"Accueil","item":"https:\/\/insurancesolutions.be\/fr\/"},{"@type":"ListItem","position":2,"name":"Mentions l\u00e9gales"}]},{"@type":"WebSite","@id":"https:\/\/insurancesolutions.be\/#website","url":"https:\/\/insurancesolutions.be\/","name":"Insurances Solutions","description":"Courtier en assurances - Belgique","potentialAction":[{"@type":"SearchAction","target":{"@type":"EntryPoint","urlTemplate":"https:\/\/insurancesolutions.be\/?s={search_term_string}"},"query-input":{"@type":"PropertyValueSpecification","valueRequired":true,"valueName":"search_term_string"}}],"inLanguage":"fr-FR"}]}},"_links":{"self":[{"href":"https:\/\/insurancesolutions.be\/fr\/wp-json\/wp\/v2\/pages\/6","targetHints":{"allow":["GET"]}}],"collection":[{"href":"https:\/\/insurancesolutions.be\/fr\/wp-json\/wp\/v2\/pages"}],"about":[{"href":"https:\/\/insurancesolutions.be\/fr\/wp-json\/wp\/v2\/types\/page"}],"author":[{"embeddable":true,"href":"https:\/\/insurancesolutions.be\/fr\/wp-json\/wp\/v2\/users\/2"}],"replies":[{"embeddable":true,"href":"https:\/\/insurancesolutions.be\/fr\/wp-json\/wp\/v2\/comments?post=6"}],"version-history":[{"count":1,"href":"https:\/\/insurancesolutions.be\/fr\/wp-json\/wp\/v2\/pages\/6\/revisions"}],"predecessor-version":[{"id":248,"href":"https:\/\/insurancesolutions.be\/fr\/wp-json\/wp\/v2\/pages\/6\/revisions\/248"}],"wp:attachment":[{"href":"https:\/\/insurancesolutions.be\/fr\/wp-json\/wp\/v2\/media?parent=6"}],"curies":[{"name":"wp","href":"https:\/\/api.w.org\/{rel}","templated":true}]}}